{"id":877,"date":"2025-07-29T18:05:06","date_gmt":"2025-07-29T18:05:06","guid":{"rendered":"https:\/\/pacificcapital.vaovao.co\/?page_id=877"},"modified":"2026-03-26T17:34:57","modified_gmt":"2026-03-26T17:34:57","slug":"pacific-trus","status":"publish","type":"page","link":"https:\/\/hpacificcapital.com\/pt\/pacific-trus\/","title":{"rendered":"Pacific TRUST"},"content":{"rendered":"<div class=\"slider-wrapper relative\" id=\"slider-803308302\" >\n    <div class=\"slider slider-nav-simple slider-nav-normal slider-nav-light slider-style-normal slider-show-nav\"\n        data-flickity-options='{            \"cellAlign\": \"center\",            \"imagesLoaded\": true,            \"lazyLoad\": 1,            \"freeScroll\": false,            \"wrapAround\": false,            \"autoPlay\": 6000,            \"pauseAutoPlayOnHover\" : true,            \"prevNextButtons\": true,            \"contain\" : true,            \"adaptiveHeight\" : true,            \"dragThreshold\" : 10,            \"percentPosition\": true,            \"pageDots\": false,            \"rightToLeft\": false,            \"draggable\": true,            \"selectedAttraction\": 0.1,            \"parallax\" : 2,            \"friction\": 0.6        }'\n        >\n        \n\n\n  <div class=\"banner has-hover is-full-height\" id=\"banner-440960864\">\n          <div class=\"banner-inner fill\">\n        <div class=\"banner-bg fill\" >\n            <img loading=\"lazy\" decoding=\"async\" width=\"1440\" height=\"760\" src=\"https:\/\/hpacificcapital.com\/wp-content\/uploads\/2025\/07\/Photo.webp\" class=\"bg attachment-original size-original\" alt=\"\" \/>                                    \n                    <\/div>\n\t\t\n        <div class=\"banner-layers container\">\n            <div class=\"fill banner-link\"><\/div>            \n\n   <div id=\"text-box-1925847590\" class=\"text-box banner-layer x0 md-x0 lg-x0 y70 md-y70 lg-y70 res-text\">\n                                <div class=\"text-box-content text dark\">\n              \n              <div class=\"text-inner text-left\">\n                  \n\n\t<div id=\"text-4270185286\" class=\"text\">\n\t\t\n\n<h3 class=\"uppercase\" data-line-height=\"l\">Pacific Trust <\/h3>\n\t\t\n<style>\n#text-4270185286 {\n  font-size: 1.5rem;\n  line-height: 1.1;\n}\n<\/style>\n\t<\/div>\n\t\n\t<div id=\"text-3023310809\" class=\"text\">\n\t\t\n\n<p>Una empresa financiera que se especializa en impulsar el desarrollo y crecimiento de negocios mediante cr\u00e9ditos inteligentes, dise\u00f1ados de manera estrat\u00e9gica para cada etapa empresarial.<\/p>\n\t\t\n<style>\n#text-3023310809 {\n  font-size: 1.3rem;\n}\n<\/style>\n\t<\/div>\n\t\n\n              <\/div>\n           <\/div>\n                            \n<style>\n#text-box-1925847590 {\n  width: 78%;\n}\n#text-box-1925847590 .text-box-content {\n  font-size: 125%;\n}\n@media (min-width:550px) {\n  #text-box-1925847590 {\n    width: 46%;\n  }\n  #text-box-1925847590 .text-box-content {\n    font-size: 100%;\n  }\n}\n<\/style>\n    <\/div>\n \n\n        <\/div>\n      <\/div>\n\n            \n<style>\n#banner-440960864 {\n  padding-top: 100%;\n  background-color: rgb(0,0,0);\n}\n#banner-440960864 .banner-bg img {\n  object-position: 7% 100%;\n}\n<\/style>\n  <\/div>\n\n\n\n     <\/div>\n\n     <div class=\"loading-spin dark large centered\"><\/div>\n\n\t<\/div>\n\n\n\n\t<section class=\"section\" id=\"section_1965266943\">\n\t\t<div class=\"section-bg fill\" >\n\t\t\t\t\t\t\t\t\t\n\t\t\t\n\n\t\t<\/div>\n\n\t\t\n\n\t\t<div class=\"section-content relative\">\n\t\t\t\n\n<div class=\"row row-small align-equal align-center\"  id=\"row-1546752822\">\n\n\n\t<div id=\"col-1013657604\" class=\"col small-12 large-12\"  >\n\t\t\t\t<div class=\"col-inner\"  >\n\t\t\t\n\t\t\t\n\n\n\t\t<\/div>\n\t\t\t\t\n<style>\n#col-1013657604 > .col-inner {\n  padding: 2% 0px 0px 0px;\n}\n<\/style>\n\t<\/div>\n\n\t\n\n\t<div id=\"col-16380057\" class=\"col medium-8 small-12 large-8\"  >\n\t\t\t\t<div class=\"col-inner\"  >\n\t\t\t\n\t\t\t\n\n\t<div id=\"text-3312504857\" class=\"text\">\n\t\t\n\n<h2>Nossa vis\u00e3o e miss\u00e3o<\/h2>\n\t\t\n<style>\n#text-3312504857 {\n  font-size: 1.4rem;\n  line-height: 0.75;\n  color: rgb(0,0,0);\n}\n#text-3312504857 > * {\n  color: rgb(0,0,0);\n}\n<\/style>\n\t<\/div>\n\t\n\t<div id=\"text-59707823\" class=\"text\">\n\t\t\n\n<p>Criar solu\u00e7\u00f5es de cr\u00e9dito personalizadas que se tornem motores-chave para a consolida\u00e7\u00e3o, expans\u00e3o e transforma\u00e7\u00e3o de empreendedores e empresas, contribuindo assim para um crescimento s\u00f3lido e sustent\u00e1vel. Mais do que oferecer financiamento tradicional, buscamos ser o aliado estrat\u00e9gico de refer\u00eancia para empreendedores e empresas que procuram financiamento inteligente \u2014 gerando valor a longo prazo e fortalecendo o ecossistema empresarial.<\/p>\n\n\t\t\n<style>\n#text-59707823 {\n  font-size: 1.1rem;\n  color: rgb(0,0,0);\n}\n#text-59707823 > * {\n  color: rgb(0,0,0);\n}\n<\/style>\n\t<\/div>\n\t\n\t<div id=\"gap-1751427189\" class=\"gap-element clearfix\" style=\"display:block; height:auto;\">\n\t\t\n<style>\n#gap-1751427189 {\n  padding-top: 120px;\n}\n<\/style>\n\t<\/div>\n\t\n\n\t<div id=\"text-2612556159\" class=\"text\">\n\t\t\n\n<h2>Solu\u00e7\u00f5es Financeiras<\/h2>\n\t\t\n<style>\n#text-2612556159 {\n  font-size: 1.4rem;\n  line-height: 0.75;\n  color: rgb(0, 0, 0);\n}\n#text-2612556159 > * {\n  color: rgb(0, 0, 0);\n}\n<\/style>\n\t<\/div>\n\t\n\t<div id=\"text-841700297\" class=\"text\">\n\t\t\n\n<p>Com foco no potencial de cada cliente, acompanhamos ativamente\nempreendedores e empresas em cada etapa, promovendo um crescimento\nsustent\u00e1vel, s\u00f3lido e estruturado a longo prazo.<\/p>\n\t\t\n<style>\n#text-841700297 {\n  font-size: 1.1rem;\n  color: rgb(0,0,0);\n}\n#text-841700297 > * {\n  color: rgb(0,0,0);\n}\n<\/style>\n\t<\/div>\n\t\n\n\t\t<\/div>\n\t\t\t\t\n<style>\n#col-16380057 > .col-inner {\n  padding: 0px 5% 0px 0px;\n}\n<\/style>\n\t<\/div>\n\n\t\n\n\t<div id=\"col-715738938\" class=\"col medium-4 small-12 large-4\"  >\n\t\t\t\t<div class=\"col-inner\"  >\n\t\t\t\n\t\t\t\n\n\t<div class=\"img has-hover x md-x lg-x y md-y lg-y\" id=\"image_1987647067\">\n\t\t\t\t\t\t\t\t<div class=\"img-inner dark\" >\n\t\t\t<img loading=\"lazy\" decoding=\"async\" width=\"417\" height=\"467\" src=\"https:\/\/hpacificcapital.com\/wp-content\/uploads\/2025\/07\/Foto-5.png\" class=\"attachment-large size-large\" alt=\"\" srcset=\"https:\/\/hpacificcapital.com\/wp-content\/uploads\/2025\/07\/Foto-5.png 417w, https:\/\/hpacificcapital.com\/wp-content\/uploads\/2025\/07\/Foto-5-357x400.png 357w\" sizes=\"auto, (max-width: 417px) 100vw, 417px\" \/>\t\t\t\t\t\t\n\t\t\t\t\t<\/div>\n\t\t\t\t\t\t\t\t\n<style>\n#image_1987647067 {\n  width: 100%;\n}\n<\/style>\n\t<\/div>\n\t\n\n\n\t\t<\/div>\n\t\t\t\t\t<\/div>\n\n\t\n\n<\/div>\n<div class=\"row row-small align-equal align-center\"  id=\"row-935060744\">\n\n\n\t<div id=\"col-2126376024\" class=\"col capabilities medium-4 small-12 large-4\"  >\n\t\t\t\t<div class=\"col-inner\"  >\n\t\t\t\n\t\t\t\n\n\t<div id=\"text-1615003899\" class=\"text\">\n\t\t\n\n<p><strong>Cr\u00e9ditos Inteligentes:<\/strong> <\/p>\n<p>Oferecemos solu\u00e7\u00f5es personalizadas, adaptadas \u00e0 etapa e \u00e0s necessidades espec\u00edficas de cada empresa.<\/p>\n\t\t\n<style>\n#text-1615003899 {\n  font-size: 1.1rem;\n  line-height: 1.5;\n}\n<\/style>\n\t<\/div>\n\t\n\n\t\t<\/div>\n\t\t\t\t\n<style>\n#col-2126376024 > .col-inner {\n  padding: 10% 5% 10% 5%;\n}\n<\/style>\n\t<\/div>\n\n\t\n\n\t<div id=\"col-373588264\" class=\"col capabilities medium-4 small-12 large-4\"  >\n\t\t\t\t<div class=\"col-inner\"  >\n\t\t\t\n\t\t\t\n\n\t<div id=\"text-2294916074\" class=\"text\">\n\t\t\n\n<p><strong>Assessoria Financeira Personalizada:<\/strong> <\/p>\n<p> Fornecemos orienta\u00e7\u00e3o sobre o uso ideal do cr\u00e9dito para impulsionar o\ncrescimento do neg\u00f3cio.<\/p>\n\t\t\n<style>\n#text-2294916074 {\n  font-size: 1.1rem;\n}\n<\/style>\n\t<\/div>\n\t\n\n\t\t<\/div>\n\t\t\t\t\n<style>\n#col-373588264 > .col-inner {\n  padding: 10% 5% 10% 5%;\n}\n<\/style>\n\t<\/div>\n\n\t\n\n\t<div id=\"col-1912134277\" class=\"col capabilities medium-4 small-12 large-4\"  >\n\t\t\t\t<div class=\"col-inner\"  >\n\t\t\t\n\t\t\t\n\n\t<div id=\"text-2301826209\" class=\"text\">\n\t\t\n\n<p><strong>Enfoque Estrat\u00e9gico:<\/strong> <\/p>\n<p> Al\u00e9m do financiamento tradicional, focamos em potencializar a consolida\u00e7\u00e3o e\nexpans\u00e3o de cada cliente.<\/p>\n\t\t\n<style>\n#text-2301826209 {\n  font-size: 1.1rem;\n}\n<\/style>\n\t<\/div>\n\t\n\n\t\t<\/div>\n\t\t\t\t\n<style>\n#col-1912134277 > .col-inner {\n  padding: 10% 5% 10% 5%;\n}\n<\/style>\n\t<\/div>\n\n\t\n\n<\/div>\n\n\t\t<\/div>\n\n\t\t\n<style>\n#section_1965266943 {\n  padding-top: 30px;\n  padding-bottom: 30px;\n  background-color: rgba(0, 0, 0, 0);\n}\n<\/style>\n\t<\/section>\n\t\n\n\t<section class=\"section dark\" id=\"section_1057477265\">\n\t\t<div class=\"section-bg fill\" >\n\t\t\t\t\t\t\t\t\t\n\t\t\t\n\n\t\t<\/div>\n\n\t\t\n\n\t\t<div class=\"section-content relative\">\n\t\t\t\n\n<div class=\"row row-collapse row-full-width align-center\"  id=\"row-115572884\">\n\n\n\t<div id=\"col-767234857\" class=\"col small-12 large-12\"  >\n\t\t\t\t<div class=\"col-inner text-center\"  >\n\t\t\t\n\t\t\t\n\n\t<div id=\"text-1391392788\" class=\"text\">\n\t\t\n\n<h2>Voc\u00ea busca assessoria para estruturar<br \/>uma transa\u00e7\u00e3o estrat\u00e9gica?<\/h2>\n<p>Vamos conversar. Na Pacific TRUST, sabemos como levar sua vis\u00e3o ao pr\u00f3ximo n\u00edvel.<\/p>\n\t\t\n<style>\n#text-1391392788 {\n  font-size: 1.3rem;\n  text-align: center;\n}\n<\/style>\n\t<\/div>\n\t\n<a class=\"button white is-outline btnSuscribirme\" style=\"padding:10px 35px 10px 35px;\">\n\t\t<span>Inscrever-se<\/span>\n\t<\/a>\n\n\n\n\t\t<\/div>\n\t\t\t\t\t<\/div>\n\n\t\n\n\t<div id=\"col-1561967079\" class=\"col contentSuscribirme medium-3 small-12 large-3\"  >\n\t\t\t\t<div class=\"col-inner\"  >\n\t\t\t\n\t\t\t\n\n\n<div class=\"wpcf7 no-js\" id=\"wpcf7-f1149-o1\" lang=\"en-US\" dir=\"ltr\" data-wpcf7-id=\"1149\">\n<div class=\"screen-reader-response\"><p role=\"status\" aria-live=\"polite\" aria-atomic=\"true\"><\/p> <ul><\/ul><\/div>\n<form action=\"\/pt\/wp-json\/wp\/v2\/pages\/877#wpcf7-f1149-o1\" method=\"post\" class=\"wpcf7-form init\" aria-label=\"Contact form\" novalidate=\"novalidate\" data-status=\"init\" data-trp-original-action=\"\/pt\/wp-json\/wp\/v2\/pages\/877#wpcf7-f1149-o1\">\n<fieldset class=\"hidden-fields-container\"><input type=\"hidden\" name=\"_wpcf7\" value=\"1149\" \/><input type=\"hidden\" name=\"_wpcf7_version\" value=\"6.1.5\" \/><input type=\"hidden\" name=\"_wpcf7_locale\" value=\"en_US\" \/><input type=\"hidden\" name=\"_wpcf7_unit_tag\" value=\"wpcf7-f1149-o1\" \/><input type=\"hidden\" name=\"_wpcf7_container_post\" value=\"0\" \/><input type=\"hidden\" name=\"_wpcf7_posted_data_hash\" value=\"\" \/>\n<\/fieldset>\n<div class=\"form-flat-custom-black\">\n\t<div class=\"form-row\">\n\t\t<div class=\"form-col\">\n\t\t\t<p><span class=\"wpcf7-form-control-wrap\" data-name=\"your-name\"><input size=\"40\" maxlength=\"400\" class=\"wpcf7-form-control wpcf7-text wpcf7-validates-as-required\" aria-required=\"true\" aria-invalid=\"false\" placeholder=\"Nome Completo\" value=\"\" type=\"text\" name=\"your-name\" \/><\/span>\n\t\t\t<\/p>\n\t\t<\/div>\n\t\t<div class=\"form-col\">\n\t\t\t<p><span class=\"wpcf7-form-control-wrap\" data-name=\"your-email\"><input size=\"40\" maxlength=\"400\" class=\"wpcf7-form-control wpcf7-email wpcf7-validates-as-required wpcf7-text wpcf7-validates-as-email\" aria-required=\"true\" aria-invalid=\"false\" placeholder=\"Endere\u00e7o de E-mail\" value=\"\" type=\"email\" name=\"your-email\" \/><\/span>\n\t\t\t<\/p>\n\t\t<\/div>\n\t\t<div class=\"form-col\">\n\t\t\t<p><span class=\"wpcf7-form-control-wrap\" data-name=\"message\"><input size=\"40\" maxlength=\"400\" class=\"wpcf7-form-control wpcf7-text wpcf7-validates-as-required\" aria-required=\"true\" aria-invalid=\"false\" placeholder=\"Mensaje\" value=\"\" type=\"text\" name=\"message\" \/><\/span>\n\t\t\t<\/p>\n\t\t<\/div>\n\t\t<div class=\"form-col\">\n\t\t\t<p><input class=\"wpcf7-form-control wpcf7-submit has-spinner custom-button\" type=\"submit\" value=\"Inscrever-se\" \/>\n\t\t\t<\/p>\n\t\t<\/div>\n\t<\/div>\n\t<div class=\"form-acceptance\">\n\t\t<p><span class=\"wpcf7-form-control-wrap\" data-name=\"accept-privacy-policy\"><span class=\"wpcf7-form-control wpcf7-acceptance\"><span class=\"wpcf7-list-item\"><label><input type=\"checkbox\" name=\"accept-privacy-policy\" value=\"1\" aria-invalid=\"false\" \/><span class=\"wpcf7-list-item-label\">Ao se inscrever, voc\u00ea concorda com nossa Pol\u00edtica de Privacidade e Termos de Servi\u00e7o. \n      <a href=\"\/pt\/privacy-policy\/\" target=\"_blank\">pol\u00edtica de privacidad<\/a> & \n      <a href=\"\/pt\/terms-of-service\/\" target=\"_blank\">Condiciones de servicio<\/a><\/span><\/label><\/span><\/span><\/span>\n\t\t<\/p>\n\t<\/div>\n<\/div><div class=\"wpcf7-response-output\" aria-hidden=\"true\"><\/div>\n<input type=\"hidden\" name=\"trp-form-language\" value=\"pt\"\/><\/form>\n<\/div>\n\n\n\n\t\t<\/div>\n\t\t\t\t\n<style>\n#col-1561967079 > .col-inner {\n  padding: 0px 5% 0px 5%;\n}\n<\/style>\n\t<\/div>\n\n\t\n\n<\/div>\n\n\t\t<\/div>\n\n\t\t\n<style>\n#section_1057477265 {\n  padding-top: 50px;\n  padding-bottom: 50px;\n  background-color: rgb(0,0,0);\n}\n<\/style>\n\t<\/section>","protected":false},"excerpt":{"rendered":"","protected":false},"author":2,"featured_media":22,"parent":0,"menu_order":12,"comment_status":"closed","ping_status":"closed","template":"page-transparent-header-light.php","meta":{"footnotes":""},"class_list":["post-877","page","type-page","status-publish","has-post-thumbnail","hentry"],"yoast_head":"<!-- This site is optimized with the Yoast SEO plugin v27.5 - https:\/\/yoast.com\/product\/yoast-seo-wordpress\/ -->\n<title>Pacific TRUST - Pacific Capital<\/title>\n<meta name=\"robots\" content=\"index, follow, max-snippet:-1, max-image-preview:large, max-video-preview:-1\" \/>\n<link rel=\"canonical\" href=\"https:\/\/hpacificcapital.com\/pt\/pacific-trust\/\" \/>\n<meta property=\"og:locale\" content=\"pt_BR\" \/>\n<meta property=\"og:type\" content=\"article\" \/>\n<meta property=\"og:title\" content=\"Pacific TRUST - Pacific Capital\" \/>\n<meta property=\"og:url\" content=\"https:\/\/hpacificcapital.com\/pt\/pacific-trust\/\" \/>\n<meta property=\"og:site_name\" content=\"Pacific Capital\" \/>\n<meta property=\"article:modified_time\" content=\"2026-03-26T17:34:57+00:00\" \/>\n<meta property=\"og:image\" content=\"https:\/\/hpacificcapital.com\/wp-content\/uploads\/2016\/08\/dummy-1.jpg\" \/>\n\t<meta property=\"og:image:width\" content=\"400\" \/>\n\t<meta property=\"og:image:height\" content=\"260\" \/>\n\t<meta property=\"og:image:type\" content=\"image\/jpeg\" \/>\n<meta name=\"twitter:card\" content=\"summary_large_image\" \/>\n<meta name=\"twitter:label1\" content=\"Est. tempo de leitura\" \/>\n\t<meta name=\"twitter:data1\" content=\"2 minutos\" \/>\n<script type=\"application\/ld+json\" class=\"yoast-schema-graph\">{\"@context\":\"https:\\\/\\\/schema.org\",\"@graph\":[{\"@type\":\"WebPage\",\"@id\":\"https:\\\/\\\/hpacificcapital.com\\\/pacific-trus\\\/\",\"url\":\"https:\\\/\\\/hpacificcapital.com\\\/pacific-trust\\\/\",\"name\":\"Pacific TRUST - Pacific Capital\",\"isPartOf\":{\"@id\":\"https:\\\/\\\/hpacificcapital.com\\\/#website\"},\"primaryImageOfPage\":{\"@id\":\"https:\\\/\\\/hpacificcapital.com\\\/pacific-trust\\\/#primaryimage\"},\"image\":{\"@id\":\"https:\\\/\\\/hpacificcapital.com\\\/pacific-trust\\\/#primaryimage\"},\"thumbnailUrl\":\"https:\\\/\\\/hpacificcapital.com\\\/wp-content\\\/uploads\\\/2016\\\/08\\\/dummy-1.jpg\",\"datePublished\":\"2025-07-29T18:05:06+00:00\",\"dateModified\":\"2026-03-26T17:34:57+00:00\",\"breadcrumb\":{\"@id\":\"https:\\\/\\\/hpacificcapital.com\\\/pacific-trust\\\/#breadcrumb\"},\"inLanguage\":\"pt-BR\",\"potentialAction\":[{\"@type\":\"ReadAction\",\"target\":[\"https:\\\/\\\/hpacificcapital.com\\\/pacific-trust\\\/\"]}]},{\"@type\":\"ImageObject\",\"inLanguage\":\"pt-BR\",\"@id\":\"https:\\\/\\\/hpacificcapital.com\\\/pacific-trust\\\/#primaryimage\",\"url\":\"https:\\\/\\\/hpacificcapital.com\\\/wp-content\\\/uploads\\\/2016\\\/08\\\/dummy-1.jpg\",\"contentUrl\":\"https:\\\/\\\/hpacificcapital.com\\\/wp-content\\\/uploads\\\/2016\\\/08\\\/dummy-1.jpg\",\"width\":400,\"height\":260},{\"@type\":\"BreadcrumbList\",\"@id\":\"https:\\\/\\\/hpacificcapital.com\\\/pacific-trust\\\/#breadcrumb\",\"itemListElement\":[{\"@type\":\"ListItem\",\"position\":1,\"name\":\"Home\",\"item\":\"https:\\\/\\\/hpacificcapital.com\\\/\"},{\"@type\":\"ListItem\",\"position\":2,\"name\":\"Pacific TRUST\"}]},{\"@type\":\"WebSite\",\"@id\":\"https:\\\/\\\/hpacificcapital.com\\\/#website\",\"url\":\"https:\\\/\\\/hpacificcapital.com\\\/\",\"name\":\"Pacific Capital\",\"description\":\"\",\"potentialAction\":[{\"@type\":\"SearchAction\",\"target\":{\"@type\":\"EntryPoint\",\"urlTemplate\":\"https:\\\/\\\/hpacificcapital.com\\\/?s={search_term_string}\"},\"query-input\":{\"@type\":\"PropertyValueSpecification\",\"valueRequired\":true,\"valueName\":\"search_term_string\"}}],\"inLanguage\":\"pt-BR\"}]}<\/script>\n<!-- \/ Yoast SEO plugin. -->","yoast_head_json":{"title":"Pacific TRUST - Pacific Capital","robots":{"index":"index","follow":"follow","max-snippet":"max-snippet:-1","max-image-preview":"max-image-preview:large","max-video-preview":"max-video-preview:-1"},"canonical":"https:\/\/hpacificcapital.com\/pt\/pacific-trust\/","og_locale":"pt_BR","og_type":"article","og_title":"Pacific TRUST - Pacific Capital","og_url":"https:\/\/hpacificcapital.com\/pt\/pacific-trust\/","og_site_name":"Pacific Capital","article_modified_time":"2026-03-26T17:34:57+00:00","og_image":[{"width":400,"height":260,"url":"https:\/\/hpacificcapital.com\/wp-content\/uploads\/2016\/08\/dummy-1.jpg","type":"image\/jpeg"}],"twitter_card":"summary_large_image","twitter_misc":{"Est. tempo de leitura":"2 minutos"},"schema":{"@context":"https:\/\/schema.org","@graph":[{"@type":"WebPage","@id":"https:\/\/hpacificcapital.com\/pacific-trus\/","url":"https:\/\/hpacificcapital.com\/pacific-trust\/","name":"Pacific TRUST - Pacific Capital","isPartOf":{"@id":"https:\/\/hpacificcapital.com\/#website"},"primaryImageOfPage":{"@id":"https:\/\/hpacificcapital.com\/pacific-trust\/#primaryimage"},"image":{"@id":"https:\/\/hpacificcapital.com\/pacific-trust\/#primaryimage"},"thumbnailUrl":"https:\/\/hpacificcapital.com\/wp-content\/uploads\/2016\/08\/dummy-1.jpg","datePublished":"2025-07-29T18:05:06+00:00","dateModified":"2026-03-26T17:34:57+00:00","breadcrumb":{"@id":"https:\/\/hpacificcapital.com\/pacific-trust\/#breadcrumb"},"inLanguage":"pt-BR","potentialAction":[{"@type":"ReadAction","target":["https:\/\/hpacificcapital.com\/pacific-trust\/"]}]},{"@type":"ImageObject","inLanguage":"pt-BR","@id":"https:\/\/hpacificcapital.com\/pacific-trust\/#primaryimage","url":"https:\/\/hpacificcapital.com\/wp-content\/uploads\/2016\/08\/dummy-1.jpg","contentUrl":"https:\/\/hpacificcapital.com\/wp-content\/uploads\/2016\/08\/dummy-1.jpg","width":400,"height":260},{"@type":"BreadcrumbList","@id":"https:\/\/hpacificcapital.com\/pacific-trust\/#breadcrumb","itemListElement":[{"@type":"ListItem","position":1,"name":"Home","item":"https:\/\/hpacificcapital.com\/"},{"@type":"ListItem","position":2,"name":"Pacific TRUST"}]},{"@type":"WebSite","@id":"https:\/\/hpacificcapital.com\/#website","url":"https:\/\/hpacificcapital.com\/","name":"Pacific Capital","description":"","potentialAction":[{"@type":"SearchAction","target":{"@type":"EntryPoint","urlTemplate":"https:\/\/hpacificcapital.com\/?s={search_term_string}"},"query-input":{"@type":"PropertyValueSpecification","valueRequired":true,"valueName":"search_term_string"}}],"inLanguage":"pt-BR"}]}},"_links":{"self":[{"href":"https:\/\/hpacificcapital.com\/pt\/wp-json\/wp\/v2\/pages\/877","targetHints":{"allow":["GET"]}}],"collection":[{"href":"https:\/\/hpacificcapital.com\/pt\/wp-json\/wp\/v2\/pages"}],"about":[{"href":"https:\/\/hpacificcapital.com\/pt\/wp-json\/wp\/v2\/types\/page"}],"author":[{"embeddable":true,"href":"https:\/\/hpacificcapital.com\/pt\/wp-json\/wp\/v2\/users\/2"}],"replies":[{"embeddable":true,"href":"https:\/\/hpacificcapital.com\/pt\/wp-json\/wp\/v2\/comments?post=877"}],"version-history":[{"count":20,"href":"https:\/\/hpacificcapital.com\/pt\/wp-json\/wp\/v2\/pages\/877\/revisions"}],"predecessor-version":[{"id":1799,"href":"https:\/\/hpacificcapital.com\/pt\/wp-json\/wp\/v2\/pages\/877\/revisions\/1799"}],"wp:featuredmedia":[{"embeddable":true,"href":"https:\/\/hpacificcapital.com\/pt\/wp-json\/wp\/v2\/media\/22"}],"wp:attachment":[{"href":"https:\/\/hpacificcapital.com\/pt\/wp-json\/wp\/v2\/media?parent=877"}],"curies":[{"name":"wp","href":"https:\/\/api.w.org\/{rel}","templated":true}]}}